{"id":1807,"date":"2021-06-05T11:02:06","date_gmt":"2021-06-05T11:02:06","guid":{"rendered":"http:\/\/juridiskas-adreses-noma.lv\/1761-2\/"},"modified":"2021-06-06T20:03:39","modified_gmt":"2021-06-06T20:03:39","slug":"1761-2","status":"publish","type":"page","link":"https:\/\/juridiskas-adreses-noma.lv\/ru\/1761-2\/","title":{"rendered":""},"content":{"rendered":"[vc_row full_width=&#187;stretch_row&#187; row_arrow=&#187;&#187; overlay_row=&#187;true&#187; el_id=&#187;get-a-call-back-home2&#8243; css=&#187;.vc_custom_1622573770269{padding-top: 20px !important;padding-bottom: 60px !important;background: #222222 url(https:\/\/lardia.lv\/wp-content\/uploads\/2017\/04\/9.jpg?id=1206) !important;background-position: center !important;background-repeat: no-repeat !important;background-size: cover !important;}&#187; overlay_color=&#187;rgba(34,34,34,0.95)&#187;][vc_column][vc_custom_heading text=&#187;Cena m\u0113nes\u012b, maks\u0101jot uzreiz par?&#187; use_theme_fonts=&#187;yes&#187; cms_ch_type=&#187;heading white&#187;][vc_row_inner][vc_column_inner width=&#187;1\/4&#8243;][vc_column_text]\u0160eit j\u016bs varat pas\u016bt\u012bt pakalpojumu, atst\u0101t koment\u0101rus vai uzdot jaut\u0101jumus par m\u016bsu uz\u0146\u0113muma pakalpojumiem, aizpildot veidlapu vai sazinoties ar mums pa t\u0101lruni +371 26732031. \u0160o numuru varat izmantot ar\u012b zi\u0146ojumu s\u016bt\u012b\u0161anai WhatsApp, Viber, Telegram servisos.[\/vc_column_text][\/vc_column_inner][vc_column_inner width=&#187;3\/4&#8243;][vc_column_text el_class=&#187;cst_form_data&#187;]\n<div style=\"display: flex; justify-content: space-between; flex-direction: column; max-width: 60%;\">\n<div><label for=\"type\"> \u0412\u044b\u0431\u0435\u0440\u0438\u0442\u0435 \u0442\u0438\u043f \u043d\u0435\u0434\u0432\u0438\u0436\u0438\u043c\u043e\u0441\u0442\u0438<\/label><br \/>\n<select id=\"cst_type\" class=\"cms_form_type\" name=\"type\"><option value=\"0\">\u0416\u0438\u043b\u044b\u0435 \u043f\u043e\u043c\u0435\u0449\u0435\u043d\u0438\u044f<\/option><option value=\"1\">\u041d\u0435\u0436\u0438\u043b\u044b\u0435 \u043f\u043e\u043c\u0435\u0449\u0435\u043d\u0438\u044f<\/option><option value=\"2\">\u041e\u0444\u0438\u0441<\/option><\/select><\/div>\n<div><label for=\"date\">\u0412\u044b\u0431\u0435\u0440\u0438\u0442\u0435 \u043f\u0435\u0440\u0438\u043e\u0434 \u043e\u043f\u043b\u0430\u0442\u044b<\/label><br \/>\n<select class=\"cms_form_date\" name=\"date\"><option value=\"0\">1 \u043c\u0435\u0441<\/option><option value=\"1\">3 \u043c\u0435\u0441<\/option><option value=\"2\">6 \u043c\u0435\u0441<\/option><option value=\"3\">12 \u043c\u0435\u0441<\/option><\/select><\/div>\n<div class=\"cst_check_box\"><label for=\"check\">\u0416\u0435\u043b\u0430\u044e \u0437\u0430 35 EUR \u043f\u043e\u0434\u0433\u043e\u0442\u043e\u0432\u0438\u0442\u044c \u0434\u043e\u043a\u0443\u043c\u0435\u043d\u0442\u044b \u0434\u043b\u044f \u0440\u0435\u0433\u0438\u0441\u0442\u0440\u0430 \u043f\u0440\u0435\u0434\u043f\u0440\u0438\u044f\u0442\u0438\u0439<\/label><br \/>\n<input id=\"cst_check\" name=\"check\" type=\"checkbox\" \/><\/div>\n<\/div>\n<div class=\"cst_res_id\">\n<div>*+ \u0434\u0435\u043f\u043e\u0437\u0438\u0442 \u0437\u0430 1 \u043c\u0435\u0441\u044f\u0446<\/div>\n<div id=\"cst_form_res2\" class=\"cst_form_res\">\n<h6>\u0418\u0442\u043e\u0433\u043e:<\/h6>\n<p>0<\/p>\n<div>\u20ac<\/div>\n<\/div>\n<div id=\"cst_form_res\">\n<h6>\u0412 \u043c\u0435\u0441\u044f\u0446:<\/h6>\n<p>0<\/p>\n<div>\u20ac<\/div>\n<\/div>\n<\/div>\n[\/vc_column_text][vc_zigzag el_class=&#187;cst_zig&#187;][vc_btn title=&#187;\u0417\u0430\u043a\u0430\u0437\u0430\u0442\u044c \u044e\u0440\u0430\u0434\u0440\u0435\u0441&#187; style=&#187;outline&#187; shape=&#187;square&#187; align=&#187;left&#187; el_class=&#187;cst_form_btn&#187;][\/vc_column_inner][\/vc_row_inner][\/vc_column][\/vc_row]\n","protected":false},"excerpt":{"rendered":"<p>[vc_row full_width=&#187;stretch_row&#187; row_arrow=&#187;&#187; overlay_row=&#187;true&#187; el_id=&#187;get-a-call-back-home2&#8243; css=&#187;.vc_custom_1622573770269{padding-top: 20px !important;padding-bottom: 60px !important;background: #222222 url(https:\/\/lardia.lv\/wp-content\/uploads\/2017\/04\/9.jpg?id=1206) !important;background-position: center !important;background-repeat: no-repeat !important;background-size: cover !important;}&#187; overlay_color=&#187;rgba(34,34,34,0.95)&#187;][vc_column][vc_custom_heading text=&#187;Cena m\u0113nes\u012b, maks\u0101jot uzreiz par?&#187; use_theme_fonts=&#187;yes&#187; cms_ch_type=&#187;heading white&#187;][vc_row_inner][vc_column_inner width=&#187;1\/4&#8243;][vc_column_text]\u0160eit j\u016bs varat pas\u016bt\u012bt pakalpojumu, atst\u0101t koment\u0101rus vai uzdot jaut\u0101jumus par m\u016bsu uz\u0146\u0113muma pakalpojumiem, aizpildot veidlapu vai sazinoties ar mums pa t\u0101lruni +371 26732031. \u0160o numuru varat<\/p>\n","protected":false},"author":1,"featured_media":0,"parent":0,"menu_order":0,"comment_status":"closed","ping_status":"closed","template":"","meta":{"footnotes":""},"yoast_head":"<!-- This site is optimized with the Yoast SEO plugin v22.3 - https:\/\/yoast.com\/wordpress\/plugins\/seo\/ -->\n<title>- Post Office<\/title>\n<meta name=\"robots\" content=\"index, follow, max-snippet:-1, max-image-preview:large, max-video-preview:-1\" \/>\n<link rel=\"canonical\" href=\"https:\/\/juridiskas-adreses-noma.lv\/ru\/1761-2\/\" \/>\n<meta property=\"og:locale\" content=\"ru_RU\" \/>\n<meta property=\"og:type\" content=\"article\" \/>\n<meta property=\"og:title\" content=\"- Post Office\" \/>\n<meta property=\"og:description\" content=\"[vc_row full_width=&#187;stretch_row&#187; row_arrow=&#187;&#187; overlay_row=&#187;true&#187; el_id=&#187;get-a-call-back-home2&#8243; css=&#187;.vc_custom_1622573770269{padding-top: 20px !important;padding-bottom: 60px !important;background: #222222 url(https:\/\/lardia.lv\/wp-content\/uploads\/2017\/04\/9.jpg?id=1206) !important;background-position: center !important;background-repeat: no-repeat !important;background-size: cover !important;}&#187; overlay_color=&#187;rgba(34,34,34,0.95)&#187;][vc_column][vc_custom_heading text=&#187;Cena m\u0113nes\u012b, maks\u0101jot uzreiz par?&#187; use_theme_fonts=&#187;yes&#187; cms_ch_type=&#187;heading white&#187;][vc_row_inner][vc_column_inner width=&#187;1\/4&#8243;][vc_column_text]\u0160eit j\u016bs varat pas\u016bt\u012bt pakalpojumu, atst\u0101t koment\u0101rus vai uzdot jaut\u0101jumus par m\u016bsu uz\u0146\u0113muma pakalpojumiem, aizpildot veidlapu vai sazinoties ar mums pa t\u0101lruni +371 26732031. \u0160o numuru varat\" \/>\n<meta property=\"og:url\" content=\"https:\/\/juridiskas-adreses-noma.lv\/ru\/1761-2\/\" \/>\n<meta property=\"og:site_name\" content=\"Post Office\" \/>\n<meta property=\"article:modified_time\" content=\"2021-06-06T20:03:39+00:00\" \/>\n<meta name=\"twitter:card\" content=\"summary_large_image\" \/>\n<meta name=\"twitter:label1\" content=\"\u041f\u0440\u0438\u043c\u0435\u0440\u043d\u043e\u0435 \u0432\u0440\u0435\u043c\u044f \u0434\u043b\u044f \u0447\u0442\u0435\u043d\u0438\u044f\" \/>\n\t<meta name=\"twitter:data1\" content=\"1 \u043c\u0438\u043d\u0443\u0442\u0430\" \/>\n<script type=\"application\/ld+json\" class=\"yoast-schema-graph\">{\"@context\":\"https:\/\/schema.org\",\"@graph\":[{\"@type\":\"WebPage\",\"@id\":\"https:\/\/juridiskas-adreses-noma.lv\/ru\/1761-2\/\",\"url\":\"https:\/\/juridiskas-adreses-noma.lv\/ru\/1761-2\/\",\"name\":\"- Post Office\",\"isPartOf\":{\"@id\":\"https:\/\/juridiskas-adreses-noma.lv\/#website\"},\"datePublished\":\"2021-06-05T11:02:06+00:00\",\"dateModified\":\"2021-06-06T20:03:39+00:00\",\"inLanguage\":\"ru-RU\",\"potentialAction\":[{\"@type\":\"ReadAction\",\"target\":[\"https:\/\/juridiskas-adreses-noma.lv\/ru\/1761-2\/\"]}]},{\"@type\":\"WebSite\",\"@id\":\"https:\/\/juridiskas-adreses-noma.lv\/#website\",\"url\":\"https:\/\/juridiskas-adreses-noma.lv\/\",\"name\":\"Post Office\",\"description\":\"\",\"publisher\":{\"@id\":\"https:\/\/juridiskas-adreses-noma.lv\/#organization\"},\"potentialAction\":[{\"@type\":\"SearchAction\",\"target\":{\"@type\":\"EntryPoint\",\"urlTemplate\":\"https:\/\/juridiskas-adreses-noma.lv\/?s={search_term_string}\"},\"query-input\":\"required name=search_term_string\"}],\"inLanguage\":\"ru-RU\"},{\"@type\":\"Organization\",\"@id\":\"https:\/\/juridiskas-adreses-noma.lv\/#organization\",\"name\":\"Post office\",\"url\":\"https:\/\/juridiskas-adreses-noma.lv\/\",\"logo\":{\"@type\":\"ImageObject\",\"inLanguage\":\"ru-RU\",\"@id\":\"https:\/\/juridiskas-adreses-noma.lv\/#\/schema\/logo\/image\/\",\"url\":\"http:\/\/juridiskas-adreses-noma.lv\/wp-content\/uploads\/2021\/05\/post-office-logo-1.png\",\"contentUrl\":\"http:\/\/juridiskas-adreses-noma.lv\/wp-content\/uploads\/2021\/05\/post-office-logo-1.png\",\"width\":3802,\"height\":833,\"caption\":\"Post office\"},\"image\":{\"@id\":\"https:\/\/juridiskas-adreses-noma.lv\/#\/schema\/logo\/image\/\"}}]}<\/script>\n<!-- \/ Yoast SEO plugin. -->","yoast_head_json":{"title":"- Post Office","robots":{"index":"index","follow":"follow","max-snippet":"max-snippet:-1","max-image-preview":"max-image-preview:large","max-video-preview":"max-video-preview:-1"},"canonical":"https:\/\/juridiskas-adreses-noma.lv\/ru\/1761-2\/","og_locale":"ru_RU","og_type":"article","og_title":"- Post Office","og_description":"[vc_row full_width=&#187;stretch_row&#187; row_arrow=&#187;&#187; overlay_row=&#187;true&#187; el_id=&#187;get-a-call-back-home2&#8243; css=&#187;.vc_custom_1622573770269{padding-top: 20px !important;padding-bottom: 60px !important;background: #222222 url(https:\/\/lardia.lv\/wp-content\/uploads\/2017\/04\/9.jpg?id=1206) !important;background-position: center !important;background-repeat: no-repeat !important;background-size: cover !important;}&#187; overlay_color=&#187;rgba(34,34,34,0.95)&#187;][vc_column][vc_custom_heading text=&#187;Cena m\u0113nes\u012b, maks\u0101jot uzreiz par?&#187; use_theme_fonts=&#187;yes&#187; cms_ch_type=&#187;heading white&#187;][vc_row_inner][vc_column_inner width=&#187;1\/4&#8243;][vc_column_text]\u0160eit j\u016bs varat pas\u016bt\u012bt pakalpojumu, atst\u0101t koment\u0101rus vai uzdot jaut\u0101jumus par m\u016bsu uz\u0146\u0113muma pakalpojumiem, aizpildot veidlapu vai sazinoties ar mums pa t\u0101lruni +371 26732031. \u0160o numuru varat","og_url":"https:\/\/juridiskas-adreses-noma.lv\/ru\/1761-2\/","og_site_name":"Post Office","article_modified_time":"2021-06-06T20:03:39+00:00","twitter_card":"summary_large_image","twitter_misc":{"\u041f\u0440\u0438\u043c\u0435\u0440\u043d\u043e\u0435 \u0432\u0440\u0435\u043c\u044f \u0434\u043b\u044f \u0447\u0442\u0435\u043d\u0438\u044f":"1 \u043c\u0438\u043d\u0443\u0442\u0430"},"schema":{"@context":"https:\/\/schema.org","@graph":[{"@type":"WebPage","@id":"https:\/\/juridiskas-adreses-noma.lv\/ru\/1761-2\/","url":"https:\/\/juridiskas-adreses-noma.lv\/ru\/1761-2\/","name":"- Post Office","isPartOf":{"@id":"https:\/\/juridiskas-adreses-noma.lv\/#website"},"datePublished":"2021-06-05T11:02:06+00:00","dateModified":"2021-06-06T20:03:39+00:00","inLanguage":"ru-RU","potentialAction":[{"@type":"ReadAction","target":["https:\/\/juridiskas-adreses-noma.lv\/ru\/1761-2\/"]}]},{"@type":"WebSite","@id":"https:\/\/juridiskas-adreses-noma.lv\/#website","url":"https:\/\/juridiskas-adreses-noma.lv\/","name":"Post Office","description":"","publisher":{"@id":"https:\/\/juridiskas-adreses-noma.lv\/#organization"},"potentialAction":[{"@type":"SearchAction","target":{"@type":"EntryPoint","urlTemplate":"https:\/\/juridiskas-adreses-noma.lv\/?s={search_term_string}"},"query-input":"required name=search_term_string"}],"inLanguage":"ru-RU"},{"@type":"Organization","@id":"https:\/\/juridiskas-adreses-noma.lv\/#organization","name":"Post office","url":"https:\/\/juridiskas-adreses-noma.lv\/","logo":{"@type":"ImageObject","inLanguage":"ru-RU","@id":"https:\/\/juridiskas-adreses-noma.lv\/#\/schema\/logo\/image\/","url":"http:\/\/juridiskas-adreses-noma.lv\/wp-content\/uploads\/2021\/05\/post-office-logo-1.png","contentUrl":"http:\/\/juridiskas-adreses-noma.lv\/wp-content\/uploads\/2021\/05\/post-office-logo-1.png","width":3802,"height":833,"caption":"Post office"},"image":{"@id":"https:\/\/juridiskas-adreses-noma.lv\/#\/schema\/logo\/image\/"}}]}},"_links":{"self":[{"href":"https:\/\/juridiskas-adreses-noma.lv\/ru\/wp-json\/wp\/v2\/pages\/1807"}],"collection":[{"href":"https:\/\/juridiskas-adreses-noma.lv\/ru\/wp-json\/wp\/v2\/pages"}],"about":[{"href":"https:\/\/juridiskas-adreses-noma.lv\/ru\/wp-json\/wp\/v2\/types\/page"}],"author":[{"embeddable":true,"href":"https:\/\/juridiskas-adreses-noma.lv\/ru\/wp-json\/wp\/v2\/users\/1"}],"replies":[{"embeddable":true,"href":"https:\/\/juridiskas-adreses-noma.lv\/ru\/wp-json\/wp\/v2\/comments?post=1807"}],"version-history":[{"count":4,"href":"https:\/\/juridiskas-adreses-noma.lv\/ru\/wp-json\/wp\/v2\/pages\/1807\/revisions"}],"predecessor-version":[{"id":1811,"href":"https:\/\/juridiskas-adreses-noma.lv\/ru\/wp-json\/wp\/v2\/pages\/1807\/revisions\/1811"}],"wp:attachment":[{"href":"https:\/\/juridiskas-adreses-noma.lv\/ru\/wp-json\/wp\/v2\/media?parent=1807"}],"curies":[{"name":"wp","href":"https:\/\/api.w.org\/{rel}","templated":true}]}}